{"id":202,"date":"2023-10-26T20:26:30","date_gmt":"2023-10-26T20:26:30","guid":{"rendered":"http:\/\/www.tilaatyontekija.fi\/?page_id=202"},"modified":"2023-11-03T12:30:30","modified_gmt":"2023-11-03T12:30:30","slug":"meista","status":"publish","type":"page","link":"https:\/\/www.tilaatyontekija.fi\/index.php\/meista\/","title":{"rendered":"Meist\u00e4"},"content":{"rendered":"\t\t<div data-elementor-type=\"wp-page\" data-elementor-id=\"202\" class=\"elementor elementor-202\" data-elementor-post-type=\"page\">\n\t\t\t\t\t\t<section class=\"elementor-section elementor-top-section elementor-element elementor-element-7c08cfa2 elementor-section-boxed elementor-section-height-default elementor-section-height-default\" data-id=\"7c08cfa2\" data-element_type=\"section\" data-e-type=\"section\" data-settings=\"{&quot;background_background&quot;:&quot;classic&quot;}\">\n\t\t\t\t\t\t\t<div class=\"elementor-background-overlay\"><\/div>\n\t\t\t\t\t\t\t<div class=\"elementor-container elementor-column-gap-default\">\n\t\t\t\t\t<div class=\"elementor-column elementor-col-100 elementor-top-column elementor-element elementor-element-5d8ef26c\" data-id=\"5d8ef26c\" data-element_type=\"column\" data-e-type=\"column\">\n\t\t\t<div class=\"elementor-widget-wrap elementor-element-populated\">\n\t\t\t\t\t\t<div class=\"elementor-element elementor-element-33287f33 elementor-icon-list--layout-inline elementor-align-center elementor-list-item-link-full_width elementor-widget elementor-widget-icon-list\" data-id=\"33287f33\" data-element_type=\"widget\" data-e-type=\"widget\" data-settings=\"{&quot;_animation&quot;:&quot;none&quot;}\" data-widget_type=\"icon-list.default\">\n\t\t\t\t<div class=\"elementor-widget-container\">\n\t\t\t\t\t\t\t<ul class=\"elementor-icon-list-items elementor-inline-items\">\n\t\t\t\t\t\t\t<li class=\"elementor-icon-list-item elementor-inline-item\">\n\t\t\t\t\t\t\t\t\t\t\t<a href=\"#\">\n\n\t\t\t\t\t\t\t\t\t\t\t<span class=\"elementor-icon-list-text\">Koti<\/span>\n\t\t\t\t\t\t\t\t\t\t\t<\/a>\n\t\t\t\t\t\t\t\t\t<\/li>\n\t\t\t\t\t\t\t\t<li class=\"elementor-icon-list-item elementor-inline-item\">\n\t\t\t\t\t\t\t\t\t\t\t<span class=\"elementor-icon-list-icon\">\n\t\t\t\t\t\t\t<i aria-hidden=\"true\" class=\"fas fa-chevron-right\"><\/i>\t\t\t\t\t\t<\/span>\n\t\t\t\t\t\t\t\t\t\t<span class=\"elementor-icon-list-text\">Meist\u00e4<\/span>\n\t\t\t\t\t\t\t\t\t<\/li>\n\t\t\t\t\t\t<\/ul>\n\t\t\t\t\t\t<\/div>\n\t\t\t\t<\/div>\n\t\t\t\t<div class=\"elementor-element elementor-element-370c1c9b elementor-widget elementor-widget-heading\" data-id=\"370c1c9b\" data-element_type=\"widget\" data-e-type=\"widget\" data-settings=\"{&quot;_animation&quot;:&quot;none&quot;}\" data-widget_type=\"heading.default\">\n\t\t\t\t<div class=\"elementor-widget-container\">\n\t\t\t\t\t<h2 class=\"elementor-heading-title elementor-size-default\">Meist\u00e4<\/h2>\t\t\t\t<\/div>\n\t\t\t\t<\/div>\n\t\t\t\t\t<\/div>\n\t\t<\/div>\n\t\t\t\t\t<\/div>\n\t\t<\/section>\n\t\t\t\t<section class=\"elementor-section elementor-top-section elementor-element elementor-element-5363d212 elementor-reverse-tablet elementor-reverse-mobile elementor-section-boxed elementor-section-height-default elementor-section-height-default\" data-id=\"5363d212\" data-element_type=\"section\" data-e-type=\"section\">\n\t\t\t\t\t\t<div class=\"elementor-container elementor-column-gap-default\">\n\t\t\t\t\t<div class=\"elementor-column elementor-col-50 elementor-top-column elementor-element elementor-element-1dc73d66\" data-id=\"1dc73d66\" data-element_type=\"column\" data-e-type=\"column\" data-settings=\"{&quot;background_background&quot;:&quot;gradient&quot;}\">\n\t\t\t<div class=\"elementor-widget-wrap elementor-element-populated\">\n\t\t\t\t\t<div class=\"elementor-background-overlay\"><\/div>\n\t\t\t\t\t\t<div class=\"elementor-element elementor-element-5be45498 elementor-widget elementor-widget-image\" data-id=\"5be45498\" data-element_type=\"widget\" data-e-type=\"widget\" data-settings=\"{&quot;_animation&quot;:&quot;none&quot;}\" data-widget_type=\"image.default\">\n\t\t\t\t<div class=\"elementor-widget-container\">\n\t\t\t\t\t\t\t\t\t\t\t\t\t\t\t<img fetchpriority=\"high\" decoding=\"async\" width=\"1280\" height=\"854\" src=\"https:\/\/www.tilaatyontekija.fi\/wp-content\/uploads\/2023\/10\/happy-businessman-looking-up-and-showing-winner-gesture-while-sitting-at-workplace.jpg\" class=\"attachment-full size-full wp-image-122\" alt=\"\" srcset=\"https:\/\/www.tilaatyontekija.fi\/wp-content\/uploads\/2023\/10\/happy-businessman-looking-up-and-showing-winner-gesture-while-sitting-at-workplace.jpg 1280w, https:\/\/www.tilaatyontekija.fi\/wp-content\/uploads\/2023\/10\/happy-businessman-looking-up-and-showing-winner-gesture-while-sitting-at-workplace-300x200.jpg 300w, https:\/\/www.tilaatyontekija.fi\/wp-content\/uploads\/2023\/10\/happy-businessman-looking-up-and-showing-winner-gesture-while-sitting-at-workplace-1024x683.jpg 1024w, https:\/\/www.tilaatyontekija.fi\/wp-content\/uploads\/2023\/10\/happy-businessman-looking-up-and-showing-winner-gesture-while-sitting-at-workplace-768x512.jpg 768w\" sizes=\"(max-width: 1280px) 100vw, 1280px\" \/>\t\t\t\t\t\t\t\t\t\t\t\t\t\t\t<\/div>\n\t\t\t\t<\/div>\n\t\t\t\t\t<\/div>\n\t\t<\/div>\n\t\t\t\t<div class=\"elementor-column elementor-col-50 elementor-top-column elementor-element elementor-element-6b19e69f\" data-id=\"6b19e69f\" data-element_type=\"column\" data-e-type=\"column\">\n\t\t\t<div class=\"elementor-widget-wrap elementor-element-populated\">\n\t\t\t\t\t\t<div class=\"elementor-element elementor-element-2234ad2 elementor-widget elementor-widget-heading\" data-id=\"2234ad2\" data-element_type=\"widget\" data-e-type=\"widget\" data-widget_type=\"heading.default\">\n\t\t\t\t<div class=\"elementor-widget-container\">\n\t\t\t\t\t<h2 class=\"elementor-heading-title elementor-size-default\">Meist\u00e4<\/h2>\t\t\t\t<\/div>\n\t\t\t\t<\/div>\n\t\t\t\t<div class=\"elementor-element elementor-element-4ec4ae3d elementor-widget elementor-widget-heading\" data-id=\"4ec4ae3d\" data-element_type=\"widget\" data-e-type=\"widget\" data-settings=\"{&quot;_animation&quot;:&quot;none&quot;}\" data-widget_type=\"heading.default\">\n\t\t\t\t<div class=\"elementor-widget-container\">\n\t\t\t\t\t<h2 class=\"elementor-heading-title elementor-size-default\">\nEritt\u00e4in Joustava Farmaseutin ja Hoitohenkil\u00f6st\u00f6n Vuokraus<\/h2>\t\t\t\t<\/div>\n\t\t\t\t<\/div>\n\t\t\t\t<div class=\"elementor-element elementor-element-2cd959d5 elementor-widget elementor-widget-text-editor\" data-id=\"2cd959d5\" data-element_type=\"widget\" data-e-type=\"widget\" data-widget_type=\"text-editor.default\">\n\t\t\t\t<div class=\"elementor-widget-container\">\n\t\t\t\t\t\t\t\t\t<p class=\"\">Tervetuloa Proteamin sivuille! Kiva ett\u00e4 l\u00f6ysit meid\u00e4t!<\/p><p class=\"\">Olemme kotimainen farmasian ja terveysalan ammattilaisia vuokraava yritys. Toimimme p\u00e4\u00e4osin Uudenmaan, P\u00e4ij\u00e4t-H\u00e4meen ja Kymenlaakson alueella, mutta tarkoituksemme on laajentua koko Suomen kattavaksi toimijaksi.<\/p><p class=\"\">Ydinosaamistamme on farmaseuttisen henkil\u00f6st\u00f6n ja hoitohenkil\u00f6st\u00f6n vuokraaminen.<\/p>\t\t\t\t\t\t\t\t<\/div>\n\t\t\t\t<\/div>\n\t\t\t\t\t<\/div>\n\t\t<\/div>\n\t\t\t\t\t<\/div>\n\t\t<\/section>\n\t\t\t\t<section class=\"elementor-section elementor-top-section elementor-element elementor-element-7960f92f elementor-section-content-middle elementor-section-boxed elementor-section-height-default elementor-section-height-default\" data-id=\"7960f92f\" data-element_type=\"section\" data-e-type=\"section\">\n\t\t\t\t\t\t<div class=\"elementor-container elementor-column-gap-default\">\n\t\t\t\t\t<div class=\"elementor-column elementor-col-50 elementor-top-column elementor-element elementor-element-50bf3130\" data-id=\"50bf3130\" data-element_type=\"column\" data-e-type=\"column\">\n\t\t\t<div class=\"elementor-widget-wrap elementor-element-populated\">\n\t\t\t\t\t\t<div class=\"elementor-element elementor-element-17d6279c elementor-widget elementor-widget-heading\" data-id=\"17d6279c\" data-element_type=\"widget\" data-e-type=\"widget\" data-settings=\"{&quot;_animation&quot;:&quot;none&quot;}\" data-widget_type=\"heading.default\">\n\t\t\t\t<div class=\"elementor-widget-container\">\n\t\t\t\t\t<h2 class=\"elementor-heading-title elementor-size-default\">Me Yrityksen\u00e4<\/h2>\t\t\t\t<\/div>\n\t\t\t\t<\/div>\n\t\t\t\t<div class=\"elementor-element elementor-element-6e72546d elementor-widget elementor-widget-text-editor\" data-id=\"6e72546d\" data-element_type=\"widget\" data-e-type=\"widget\" data-widget_type=\"text-editor.default\">\n\t\t\t\t<div class=\"elementor-widget-container\">\n\t\t\t\t\t\t\t\t\t<p class=\"\">L\u00e4pin\u00e4kyv\u00e4: n\u00e4yt\u00e4mme sivuillamme l\u00e4ht\u00f6hinnoittelun palveluillemme, sek\u00e4 maksamamme palkan<\/p><p class=\"\">Selke\u00e4: ei mit\u00e4\u00e4n ylim\u00e4\u00e4r\u00e4ist\u00e4<\/p><p class=\"\">Simppeli: kerro meille mit\u00e4 tarvitsette, me hoidamme<\/p>\t\t\t\t\t\t\t\t<\/div>\n\t\t\t\t<\/div>\n\t\t\t\t\t<\/div>\n\t\t<\/div>\n\t\t\t\t<div class=\"elementor-column elementor-col-50 elementor-top-column elementor-element elementor-element-11ffa5f0\" data-id=\"11ffa5f0\" data-element_type=\"column\" data-e-type=\"column\">\n\t\t\t<div class=\"elementor-widget-wrap elementor-element-populated\">\n\t\t\t\t\t\t<section class=\"elementor-section elementor-inner-section elementor-element elementor-element-5054abd1 elementor-section-boxed elementor-section-height-default elementor-section-height-default\" data-id=\"5054abd1\" data-element_type=\"section\" data-e-type=\"section\">\n\t\t\t\t\t\t<div class=\"elementor-container elementor-column-gap-default\">\n\t\t\t\t\t<div class=\"elementor-column elementor-col-50 elementor-inner-column elementor-element elementor-element-24c81b20\" data-id=\"24c81b20\" data-element_type=\"column\" data-e-type=\"column\" data-settings=\"{&quot;animation&quot;:&quot;none&quot;}\">\n\t\t\t<div class=\"elementor-widget-wrap elementor-element-populated\">\n\t\t\t\t\t\t<div class=\"elementor-element elementor-element-780f4a01 ekit-equal-height-disable elementor-widget elementor-widget-elementskit-icon-box\" data-id=\"780f4a01\" data-element_type=\"widget\" data-e-type=\"widget\" data-widget_type=\"elementskit-icon-box.default\">\n\t\t\t\t<div class=\"elementor-widget-container\">\n\t\t\t\t\t<div class=\"ekit-wid-con\" >        <!-- link opening -->\n                <!-- end link opening -->\n\n        <div class=\"elementskit-infobox text-center text- icon-lef-right-aligin elementor-animation-   \">\n                        <div class=\"box-body\">\n                            <h3 class=\"elementskit-info-box-title\">\n                    Kokemus                <\/h3>\n                        \t\t  \t<p>Proteamilla on yli 20 vuoden kokemus farmaseuttisen ja hoitohenkil\u00f6st\u00f6n vuokrausalalta.<\/p>\n                                <\/div>\n        \n        \n                <\/div>\n        <\/div>\t\t\t\t<\/div>\n\t\t\t\t<\/div>\n\t\t\t\t\t<\/div>\n\t\t<\/div>\n\t\t\t\t<div class=\"elementor-column elementor-col-50 elementor-inner-column elementor-element elementor-element-35dd29bc\" data-id=\"35dd29bc\" data-element_type=\"column\" data-e-type=\"column\" data-settings=\"{&quot;animation&quot;:&quot;none&quot;,&quot;animation_delay&quot;:240}\">\n\t\t\t<div class=\"elementor-widget-wrap elementor-element-populated\">\n\t\t\t\t\t\t<div class=\"elementor-element elementor-element-5259a656 ekit-equal-height-disable elementor-widget elementor-widget-elementskit-icon-box\" data-id=\"5259a656\" data-element_type=\"widget\" data-e-type=\"widget\" data-widget_type=\"elementskit-icon-box.default\">\n\t\t\t\t<div class=\"elementor-widget-container\">\n\t\t\t\t\t<div class=\"ekit-wid-con\" >        <!-- link opening -->\n                <!-- end link opening -->\n\n        <div class=\"elementskit-infobox text-center text- icon-lef-right-aligin elementor-animation-   \">\n                        <div class=\"box-body\">\n                            <h3 class=\"elementskit-info-box-title\">\n                    Laatu                <\/h3>\n                        \t\t  \t<p>Tarjoamme aina korkealaatuista hoitohenkil\u00f6st\u00f6\u00e4 ja farmaseutteja asiakkaillemme.<\/p>\n                                <\/div>\n        \n        \n                <\/div>\n        <\/div>\t\t\t\t<\/div>\n\t\t\t\t<\/div>\n\t\t\t\t\t<\/div>\n\t\t<\/div>\n\t\t\t\t\t<\/div>\n\t\t<\/section>\n\t\t\t\t\t<\/div>\n\t\t<\/div>\n\t\t\t\t\t<\/div>\n\t\t<\/section>\n\t\t\t\t<\/div>\n\t\t","protected":false},"excerpt":{"rendered":"<p>Koti Meist\u00e4 Meist\u00e4 Meist\u00e4 Eritt\u00e4in Joustava Farmaseutin ja Hoitohenkil\u00f6st\u00f6n Vuokraus Tervetuloa Proteamin sivuille! Kiva ett\u00e4 l\u00f6ysit meid\u00e4t! Olemme kotimainen farmasian ja terveysalan ammattilaisia vuokraava yritys. Toimimme p\u00e4\u00e4osin Uudenmaan, P\u00e4ij\u00e4t-H\u00e4meen ja Kymenlaakson alueella, mutta tarkoituksemme on laajentua koko Suomen kattavaksi toimijaksi. Ydinosaamistamme on farmaseuttisen henkil\u00f6st\u00f6n ja hoitohenkil\u00f6st\u00f6n vuokraaminen. Me Yrityksen\u00e4 L\u00e4pin\u00e4kyv\u00e4: n\u00e4yt\u00e4mme sivuillamme l\u00e4ht\u00f6hinnoittelun palveluillemme, sek\u00e4 [&hellip;]<\/p>\n","protected":false},"author":1,"featured_media":0,"parent":0,"menu_order":0,"comment_status":"closed","ping_status":"closed","template":"","meta":{"footnotes":""},"class_list":["post-202","page","type-page","status-publish","hentry"],"_links":{"self":[{"href":"https:\/\/www.tilaatyontekija.fi\/index.php\/wp-json\/wp\/v2\/pages\/202","targetHints":{"allow":["GET"]}}],"collection":[{"href":"https:\/\/www.tilaatyontekija.fi\/index.php\/wp-json\/wp\/v2\/pages"}],"about":[{"href":"https:\/\/www.tilaatyontekija.fi\/index.php\/wp-json\/wp\/v2\/types\/page"}],"author":[{"embeddable":true,"href":"https:\/\/www.tilaatyontekija.fi\/index.php\/wp-json\/wp\/v2\/users\/1"}],"replies":[{"embeddable":true,"href":"https:\/\/www.tilaatyontekija.fi\/index.php\/wp-json\/wp\/v2\/comments?post=202"}],"version-history":[{"count":7,"href":"https:\/\/www.tilaatyontekija.fi\/index.php\/wp-json\/wp\/v2\/pages\/202\/revisions"}],"predecessor-version":[{"id":298,"href":"https:\/\/www.tilaatyontekija.fi\/index.php\/wp-json\/wp\/v2\/pages\/202\/revisions\/298"}],"wp:attachment":[{"href":"https:\/\/www.tilaatyontekija.fi\/index.php\/wp-json\/wp\/v2\/media?parent=202"}],"curies":[{"name":"wp","href":"https:\/\/api.w.org\/{rel}","templated":true}]}}