{"id":182,"date":"2023-10-26T20:07:10","date_gmt":"2023-10-26T20:07:10","guid":{"rendered":"http:\/\/www.tilaatyontekija.fi\/?page_id=182"},"modified":"2023-11-27T21:43:08","modified_gmt":"2023-11-27T21:43:08","slug":"tilaa-hoitaja","status":"publish","type":"page","link":"https:\/\/www.tilaatyontekija.fi\/index.php\/tilaa-hoitaja\/","title":{"rendered":"Tilaa hoitaja"},"content":{"rendered":"\t\t<div data-elementor-type=\"wp-page\" data-elementor-id=\"182\" class=\"elementor elementor-182\" data-elementor-post-type=\"page\">\n\t\t\t\t\t\t<section class=\"elementor-section elementor-top-section elementor-element elementor-element-9d58b5d elementor-section-boxed elementor-section-height-default elementor-section-height-default\" data-id=\"9d58b5d\" data-element_type=\"section\" data-e-type=\"section\" data-settings=\"{&quot;background_background&quot;:&quot;classic&quot;}\">\n\t\t\t\t\t\t\t<div class=\"elementor-background-overlay\"><\/div>\n\t\t\t\t\t\t\t<div class=\"elementor-container elementor-column-gap-default\">\n\t\t\t\t\t<div class=\"elementor-column elementor-col-100 elementor-top-column elementor-element elementor-element-219eafc\" data-id=\"219eafc\" data-element_type=\"column\" data-e-type=\"column\">\n\t\t\t<div class=\"elementor-widget-wrap elementor-element-populated\">\n\t\t\t\t\t\t<div class=\"elementor-element elementor-element-87bc3c7 elementor-icon-list--layout-inline elementor-align-center elementor-list-item-link-full_width elementor-widget elementor-widget-icon-list\" data-id=\"87bc3c7\" data-element_type=\"widget\" data-e-type=\"widget\" data-settings=\"{&quot;_animation&quot;:&quot;none&quot;}\" data-widget_type=\"icon-list.default\">\n\t\t\t\t<div class=\"elementor-widget-container\">\n\t\t\t\t\t\t\t<ul class=\"elementor-icon-list-items elementor-inline-items\">\n\t\t\t\t\t\t\t<li class=\"elementor-icon-list-item elementor-inline-item\">\n\t\t\t\t\t\t\t\t\t\t\t<a href=\"#\">\n\n\t\t\t\t\t\t\t\t\t\t\t<span class=\"elementor-icon-list-text\">koti<\/span>\n\t\t\t\t\t\t\t\t\t\t\t<\/a>\n\t\t\t\t\t\t\t\t\t<\/li>\n\t\t\t\t\t\t\t\t<li class=\"elementor-icon-list-item elementor-inline-item\">\n\t\t\t\t\t\t\t\t\t\t\t<span class=\"elementor-icon-list-icon\">\n\t\t\t\t\t\t\t<i aria-hidden=\"true\" class=\"fas fa-chevron-right\"><\/i>\t\t\t\t\t\t<\/span>\n\t\t\t\t\t\t\t\t\t\t<span class=\"elementor-icon-list-text\">Tilaa hoitaja<\/span>\n\t\t\t\t\t\t\t\t\t<\/li>\n\t\t\t\t\t\t<\/ul>\n\t\t\t\t\t\t<\/div>\n\t\t\t\t<\/div>\n\t\t\t\t<div class=\"elementor-element elementor-element-e484988 elementor-widget elementor-widget-heading\" data-id=\"e484988\" data-element_type=\"widget\" data-e-type=\"widget\" data-settings=\"{&quot;_animation&quot;:&quot;none&quot;}\" data-widget_type=\"heading.default\">\n\t\t\t\t<div class=\"elementor-widget-container\">\n\t\t\t\t\t<h2 class=\"elementor-heading-title elementor-size-default\">Tilaa hoitaja<\/h2>\t\t\t\t<\/div>\n\t\t\t\t<\/div>\n\t\t\t\t\t<\/div>\n\t\t<\/div>\n\t\t\t\t\t<\/div>\n\t\t<\/section>\n\t\t\t\t<section class=\"elementor-section elementor-top-section elementor-element elementor-element-ede6967 elementor-section-boxed elementor-section-height-default elementor-section-height-default\" data-id=\"ede6967\" data-element_type=\"section\" data-e-type=\"section\">\n\t\t\t\t\t\t<div class=\"elementor-container elementor-column-gap-default\">\n\t\t\t\t\t<div class=\"elementor-column elementor-col-50 elementor-top-column elementor-element elementor-element-ab6a901\" data-id=\"ab6a901\" data-element_type=\"column\" data-e-type=\"column\">\n\t\t\t<div class=\"elementor-widget-wrap elementor-element-populated\">\n\t\t\t\t\t\t<div class=\"elementor-element elementor-element-1f4f2cb elementor-widget elementor-widget-text-editor\" data-id=\"1f4f2cb\" data-element_type=\"widget\" data-e-type=\"widget\" data-widget_type=\"text-editor.default\">\n\t\t\t\t<div class=\"elementor-widget-container\">\n\t\t\t\t\t\t\t\t\t<p class=\"\">Tarvitsetko hoitajaa tai sosiaality\u00f6ntekij\u00e4\u00e4 lyhyeen tai pidempiaikaiseen tarpeeseen?<\/p><p class=\"\">Meilt\u00e4 l\u00f6yd\u00e4t osaavat hoitajat erilaisiin ty\u00f6teht\u00e4viin<\/p><p class=\"\"><br \/>Olethan meihin yhteydess\u00e4 viereisell\u00e4 lomakkeella<\/p><p class=\"\">s\u00e4hk\u00f6postilla <strong>info@tilaatyontekija.fi<\/strong><\/p><p class=\"\">tai puhelimitse <strong>+358 40 8112102<\/strong><\/p><p class=\"\">ja olemme yhteydess\u00e4 mahdollisimman pian!<\/p><p class=\"\">Kerrothan, mik\u00e4li toivotte yhteydenottoa tiettyyn ajankohtaan.<\/p>\t\t\t\t\t\t\t\t<\/div>\n\t\t\t\t<\/div>\n\t\t\t\t\t<\/div>\n\t\t<\/div>\n\t\t\t\t<div class=\"elementor-column elementor-col-50 elementor-top-column elementor-element elementor-element-eb7adab\" data-id=\"eb7adab\" data-element_type=\"column\" data-e-type=\"column\" data-settings=\"{&quot;background_background&quot;:&quot;classic&quot;,&quot;animation&quot;:&quot;none&quot;}\">\n\t\t\t<div class=\"elementor-widget-wrap elementor-element-populated\">\n\t\t\t\t\t\t<div class=\"elementor-element elementor-element-3458298 elementor-widget elementor-widget-heading\" data-id=\"3458298\" data-element_type=\"widget\" data-e-type=\"widget\" data-widget_type=\"heading.default\">\n\t\t\t\t<div class=\"elementor-widget-container\">\n\t\t\t\t\t<h2 class=\"elementor-heading-title elementor-size-default\">L\u00e4het\u00e4 meille viesti!<\/h2>\t\t\t\t<\/div>\n\t\t\t\t<\/div>\n\t\t\t\t<div class=\"elementor-element elementor-element-83f0e8b elementor-button-align-stretch elementor-widget elementor-widget-form\" data-id=\"83f0e8b\" data-element_type=\"widget\" data-e-type=\"widget\" data-settings=\"{&quot;step_next_label&quot;:&quot;Next&quot;,&quot;step_previous_label&quot;:&quot;Previous&quot;,&quot;button_width&quot;:&quot;100&quot;,&quot;step_type&quot;:&quot;number_text&quot;,&quot;step_icon_shape&quot;:&quot;circle&quot;}\" data-widget_type=\"form.default\">\n\t\t\t\t<div class=\"elementor-widget-container\">\n\t\t\t\t\t\t\t<form class=\"elementor-form\" method=\"post\" name=\"New Form\">\n\t\t\t<input type=\"hidden\" name=\"post_id\" value=\"182\"\/>\n\t\t\t<input type=\"hidden\" name=\"form_id\" value=\"83f0e8b\"\/>\n\t\t\t<input type=\"hidden\" name=\"referer_title\" value=\"\" \/>\n\n\t\t\t\n\t\t\t<div class=\"elementor-form-fields-wrapper elementor-labels-above\">\n\t\t\t\t\t\t\t\t<div class=\"elementor-field-type-text elementor-field-group elementor-column elementor-field-group-field_c077194 elementor-col-50\">\n\t\t\t\t\t\t\t\t\t\t\t\t<label for=\"form-field-field_c077194\" class=\"elementor-field-label\">\n\t\t\t\t\t\t\t\tEtunimi\t\t\t\t\t\t\t<\/label>\n\t\t\t\t\t\t\t\t\t\t\t\t\t\t<input size=\"1\" type=\"text\" name=\"form_fields[field_c077194]\" id=\"form-field-field_c077194\" class=\"elementor-field elementor-size-md  elementor-field-textual\" placeholder=\"Etunimi\">\n\t\t\t\t\t\t\t\t\t\t\t<\/div>\n\t\t\t\t\t\t\t\t<div class=\"elementor-field-type-text elementor-field-group elementor-column elementor-field-group-field_2262c7a elementor-col-50\">\n\t\t\t\t\t\t\t\t\t\t\t\t<label for=\"form-field-field_2262c7a\" class=\"elementor-field-label\">\n\t\t\t\t\t\t\t\tSukunimi\t\t\t\t\t\t\t<\/label>\n\t\t\t\t\t\t\t\t\t\t\t\t\t\t<input size=\"1\" type=\"text\" name=\"form_fields[field_2262c7a]\" id=\"form-field-field_2262c7a\" class=\"elementor-field elementor-size-md  elementor-field-textual\" placeholder=\"Sukunimi\">\n\t\t\t\t\t\t\t\t\t\t\t<\/div>\n\t\t\t\t\t\t\t\t<div class=\"elementor-field-type-tel elementor-field-group elementor-column elementor-field-group-name elementor-col-50\">\n\t\t\t\t\t\t\t\t\t\t\t\t<label for=\"form-field-name\" class=\"elementor-field-label\">\n\t\t\t\t\t\t\t\tPuhelinnumero\t\t\t\t\t\t\t<\/label>\n\t\t\t\t\t\t\t\t<input size=\"1\" type=\"tel\" name=\"form_fields[name]\" id=\"form-field-name\" class=\"elementor-field elementor-size-md  elementor-field-textual\" placeholder=\"Puhelinnumero\" pattern=\"[0-9()#&amp;+*-=.]+\" title=\"Only numbers and phone characters (#, -, *, etc) are accepted.\">\n\n\t\t\t\t\t\t<\/div>\n\t\t\t\t\t\t\t\t<div class=\"elementor-field-type-email elementor-field-group elementor-column elementor-field-group-email elementor-col-50 elementor-field-required\">\n\t\t\t\t\t\t\t\t\t\t\t\t<label for=\"form-field-email\" class=\"elementor-field-label\">\n\t\t\t\t\t\t\t\tS\u00e4hk\u00f6posti\t\t\t\t\t\t\t<\/label>\n\t\t\t\t\t\t\t\t\t\t\t\t\t\t<input size=\"1\" type=\"email\" name=\"form_fields[email]\" id=\"form-field-email\" class=\"elementor-field elementor-size-md  elementor-field-textual\" placeholder=\"S\u00e4hk\u00f6posti\" required=\"required\" aria-required=\"true\">\n\t\t\t\t\t\t\t\t\t\t\t<\/div>\n\t\t\t\t\t\t\t\t<div class=\"elementor-field-type-checkbox elementor-field-group elementor-column elementor-field-group-field_6eaac64 elementor-col-100\">\n\t\t\t\t\t\t\t\t\t\t\t\t<label for=\"form-field-field_6eaac64\" class=\"elementor-field-label\">\n\t\t\t\t\t\t\t\tMiten otamme sinuun yhteytt\u00e4?\t\t\t\t\t\t\t<\/label>\n\t\t\t\t\t\t<div class=\"elementor-field-subgroup  elementor-subgroup-inline\"><span class=\"elementor-field-option\"><input type=\"checkbox\" value=\"Puhelimitse\" id=\"form-field-field_6eaac64-0\" name=\"form_fields[field_6eaac64][]\"> <label for=\"form-field-field_6eaac64-0\">Puhelimitse<\/label><\/span><span class=\"elementor-field-option\"><input type=\"checkbox\" value=\"S\u00e4hk\u00f6postitse\" id=\"form-field-field_6eaac64-1\" name=\"form_fields[field_6eaac64][]\"> <label for=\"form-field-field_6eaac64-1\">S\u00e4hk\u00f6postitse<\/label><\/span><\/div>\t\t\t\t<\/div>\n\t\t\t\t\t\t\t\t<div class=\"elementor-field-type-textarea elementor-field-group elementor-column elementor-field-group-message elementor-col-100\">\n\t\t\t\t\t\t\t\t\t\t\t\t<label for=\"form-field-message\" class=\"elementor-field-label\">\n\t\t\t\t\t\t\t\tViesti\t\t\t\t\t\t\t<\/label>\n\t\t\t\t\t\t<textarea class=\"elementor-field-textual elementor-field  elementor-size-md\" name=\"form_fields[message]\" id=\"form-field-message\" rows=\"4\" placeholder=\"Viesti\"><\/textarea>\t\t\t\t<\/div>\n\t\t\t\t\t\t\t\t<div class=\"elementor-field-group elementor-column elementor-field-type-submit elementor-col-100 e-form__buttons\">\n\t\t\t\t\t<button type=\"submit\" class=\"elementor-button elementor-size-md\">\n\t\t\t\t\t\t<span >\n\t\t\t\t\t\t\t\t\t\t\t\t\t\t\t<span class=\"elementor-align-icon-left elementor-button-icon\">\n\t\t\t\t\t\t\t\t\t<i aria-hidden=\"true\" class=\"fab fa-telegram-plane\"><\/i>\t\t\t\t\t\t\t\t\t\t\t\t\t\t\t\t\t<\/span>\n\t\t\t\t\t\t\t\t\t\t\t\t\t\t\t\t\t\t\t\t\t\t<span class=\"elementor-button-text\">L\u00e4het\u00e4<\/span>\n\t\t\t\t\t\t\t\t\t\t\t\t\t<\/span>\n\t\t\t\t\t<\/button>\n\t\t\t\t<\/div>\n\t\t\t<\/div>\n\t\t<\/form>\n\t\t\t\t\t\t<\/div>\n\t\t\t\t<\/div>\n\t\t\t\t\t<\/div>\n\t\t<\/div>\n\t\t\t\t\t<\/div>\n\t\t<\/section>\n\t\t\t\t<section class=\"elementor-section elementor-top-section elementor-element elementor-element-c6dc56f elementor-section-boxed elementor-section-height-default elementor-section-height-default\" data-id=\"c6dc56f\" data-element_type=\"section\" data-e-type=\"section\">\n\t\t\t\t\t\t<div class=\"elementor-container elementor-column-gap-default\">\n\t\t\t\t\t<div class=\"elementor-column elementor-col-50 elementor-top-column elementor-element elementor-element-5216002\" data-id=\"5216002\" data-element_type=\"column\" data-e-type=\"column\" data-settings=\"{&quot;animation&quot;:&quot;none&quot;}\">\n\t\t\t<div class=\"elementor-widget-wrap elementor-element-populated\">\n\t\t\t\t\t\t<div class=\"elementor-element elementor-element-50586f8 elementor-widget elementor-widget-heading\" data-id=\"50586f8\" data-element_type=\"widget\" data-e-type=\"widget\" data-widget_type=\"heading.default\">\n\t\t\t\t<div class=\"elementor-widget-container\">\n\t\t\t\t\t<h2 class=\"elementor-heading-title elementor-size-default\">UKK<\/h2>\t\t\t\t<\/div>\n\t\t\t\t<\/div>\n\t\t\t\t<div class=\"elementor-element elementor-element-a965655 elementor-widget elementor-widget-heading\" data-id=\"a965655\" data-element_type=\"widget\" data-e-type=\"widget\" data-widget_type=\"heading.default\">\n\t\t\t\t<div class=\"elementor-widget-container\">\n\t\t\t\t\t<h2 class=\"elementor-heading-title elementor-size-default\">Usein Kysytyt Kysymykset<\/h2>\t\t\t\t<\/div>\n\t\t\t\t<\/div>\n\t\t\t\t\t<\/div>\n\t\t<\/div>\n\t\t\t\t<div class=\"elementor-column elementor-col-50 elementor-top-column elementor-element elementor-element-9b94f8c\" data-id=\"9b94f8c\" data-element_type=\"column\" data-e-type=\"column\" data-settings=\"{&quot;animation&quot;:&quot;none&quot;}\">\n\t\t\t<div class=\"elementor-widget-wrap elementor-element-populated\">\n\t\t\t\t\t\t<div class=\"elementor-element elementor-element-cd73adf elementor-widget elementor-widget-elementskit-accordion\" data-id=\"cd73adf\" data-element_type=\"widget\" data-e-type=\"widget\" data-widget_type=\"elementskit-accordion.default\">\n\t\t\t\t<div class=\"elementor-widget-container\">\n\t\t\t\t\t<div class=\"ekit-wid-con\" >\n        <div class=\"elementskit-accordion accoedion-primary\" id=\"accordion-6a07b157d4a28\">\n\n            \n                <div class=\"elementskit-card active\">\n                    <div class=\"elementskit-card-header\" id=\"primaryHeading-0-cd73adf\">\n                        <a href=\"#collapse-6f491396a07b157d4a28\" class=\"ekit-accordion--toggler elementskit-btn-link collapsed\" data-ekit-toggle=\"collapse\" data-target=\"#Collapse-6f491396a07b157d4a28\" aria-expanded=\"true\" aria-controls=\"Collapse-6f491396a07b157d4a28\">\n                            \n                            <span class=\"ekit-accordion-title\">Millaisiin ty\u00f6teht\u00e4viin voin tilata hoitajan tai sosiaality\u00f6ntekij\u00e4n palvelunne kautta?<\/span>\n\n                            \n                                <div class=\"ekit_accordion_icon_group\">\n                                    <div class=\"ekit_accordion_normal_icon\">\n                                        <!-- Normal Icon -->\n\t\t\t\t\t\t\t\t\t\t<i class=\"mdi mdi-plus\"><\/i>                                    <\/div>\n\n                                    <div class=\"ekit_accordion_active_icon\">\n                                        <!-- Active Icon -->\n\t\t\t\t\t\t\t\t\t\t<i class=\"mdi mdi-window-close\"><\/i>                                    <\/div>\n                                <\/div>\n\n                            \n                                                    <\/a>\n                    <\/div>\n\n                    <div id=\"Collapse-6f491396a07b157d4a28\" class=\" show collapse\" aria-labelledby=\"primaryHeading-0-cd73adf\" data-parent=\"#accordion-6a07b157d4a28\">\n\n                        <div class=\"elementskit-card-body ekit-accordion--content\">\n                            <p>Vastaus: Tarjoamme osaavia hoitajia erilaisiin ty\u00f6teht\u00e4viin, kuten sairaalahoitoon, kotihoitoon, vanhustenhoitoon ja vammaispalveluihin. Voitte ottaa meihin yhteytt\u00e4 keskustellaksenne tarkemmista tarpeistanne, ja voimme etsi\u00e4 sopivan ammattilaisen tarpeisiinne.<\/p>                        <\/div>\n\n                    <\/div>\n\n                <\/div><!-- .elementskit-card END -->\n\n                \n                <div class=\"elementskit-card \">\n                    <div class=\"elementskit-card-header\" id=\"primaryHeading-1-cd73adf\">\n                        <a href=\"#collapse-042b3786a07b157d4a28\" class=\"ekit-accordion--toggler elementskit-btn-link collapsed\" data-ekit-toggle=\"collapse\" data-target=\"#Collapse-042b3786a07b157d4a28\" aria-expanded=\"false\" aria-controls=\"Collapse-042b3786a07b157d4a28\">\n                            \n                            <span class=\"ekit-accordion-title\">Miten varmistan, ett\u00e4 tilaamani hoitaja tai sosiaality\u00f6ntekij\u00e4 on p\u00e4tev\u00e4 ja luotettava?<\/span>\n\n                            \n                                <div class=\"ekit_accordion_icon_group\">\n                                    <div class=\"ekit_accordion_normal_icon\">\n                                        <!-- Normal Icon -->\n\t\t\t\t\t\t\t\t\t\t<i class=\"mdi mdi-plus\"><\/i>                                    <\/div>\n\n                                    <div class=\"ekit_accordion_active_icon\">\n                                        <!-- Active Icon -->\n\t\t\t\t\t\t\t\t\t\t<i class=\"mdi mdi-window-close\"><\/i>                                    <\/div>\n                                <\/div>\n\n                            \n                                                    <\/a>\n                    <\/div>\n\n                    <div id=\"Collapse-042b3786a07b157d4a28\" class=\" collapse\" aria-labelledby=\"primaryHeading-1-cd73adf\" data-parent=\"#accordion-6a07b157d4a28\">\n\n                        <div class=\"elementskit-card-body ekit-accordion--content\">\n                            <p>Vastaus: Kaikki tarjoamamme hoitajat ja sosiaality\u00f6ntekij\u00e4t ovat koulutettuja ja ammattitaitoisia. Ennen ty\u00f6nteon aloittamista tarkistamme heid\u00e4n p\u00e4tevyytens\u00e4 ja taustansa varmistaaksemme asiakkaillemme korkean laadun ja luotettavuuden.<\/p>                        <\/div>\n\n                    <\/div>\n\n                <\/div><!-- .elementskit-card END -->\n\n                \n                <div class=\"elementskit-card \">\n                    <div class=\"elementskit-card-header\" id=\"primaryHeading-2-cd73adf\">\n                        <a href=\"#collapse-fcc8da46a07b157d4a28\" class=\"ekit-accordion--toggler elementskit-btn-link collapsed\" data-ekit-toggle=\"collapse\" data-target=\"#Collapse-fcc8da46a07b157d4a28\" aria-expanded=\"false\" aria-controls=\"Collapse-fcc8da46a07b157d4a28\">\n                            \n                            <span class=\"ekit-accordion-title\">Onko palvelunne saatavilla vain lyhytaikaiseen vai my\u00f6s pidempiaikaiseen tarpeeseen?<\/span>\n\n                            \n                                <div class=\"ekit_accordion_icon_group\">\n                                    <div class=\"ekit_accordion_normal_icon\">\n                                        <!-- Normal Icon -->\n\t\t\t\t\t\t\t\t\t\t<i class=\"mdi mdi-plus\"><\/i>                                    <\/div>\n\n                                    <div class=\"ekit_accordion_active_icon\">\n                                        <!-- Active Icon -->\n\t\t\t\t\t\t\t\t\t\t<i class=\"mdi mdi-window-close\"><\/i>                                    <\/div>\n                                <\/div>\n\n                            \n                                                    <\/a>\n                    <\/div>\n\n                    <div id=\"Collapse-fcc8da46a07b157d4a28\" class=\" collapse\" aria-labelledby=\"primaryHeading-2-cd73adf\" data-parent=\"#accordion-6a07b157d4a28\">\n\n                        <div class=\"elementskit-card-body ekit-accordion--content\">\n                            <p>Vastaus: Palvelumme on joustava ja tarjoamme sek\u00e4 lyhytaikaisia ett\u00e4 pidempiaikaisia ratkaisuja asiakkaidemme tarpeiden mukaan. Voitte ottaa yhteytt\u00e4 meihin ja keskustella tarpeistanne, ja voimme r\u00e4\u00e4t\u00e4l\u00f6id\u00e4 sopivan ratkaisun yrityksellenne, oli tarve sitten lyhytaikainen tai pidempiaikainen.<\/p>                        <\/div>\n\n                    <\/div>\n\n                <\/div><!-- .elementskit-card END -->\n\n                                        <\/div>\n    <\/div>\t\t\t\t<\/div>\n\t\t\t\t<\/div>\n\t\t\t\t\t<\/div>\n\t\t<\/div>\n\t\t\t\t\t<\/div>\n\t\t<\/section>\n\t\t\t\t<\/div>\n\t\t","protected":false},"excerpt":{"rendered":"<p>koti Tilaa hoitaja Tilaa hoitaja Tarvitsetko hoitajaa tai sosiaality\u00f6ntekij\u00e4\u00e4 lyhyeen tai pidempiaikaiseen tarpeeseen? Meilt\u00e4 l\u00f6yd\u00e4t osaavat hoitajat erilaisiin ty\u00f6teht\u00e4viin Olethan meihin yhteydess\u00e4 viereisell\u00e4 lomakkeella s\u00e4hk\u00f6postilla info@tilaatyontekija.fi tai puhelimitse +358 40 8112102 ja olemme yhteydess\u00e4 mahdollisimman pian! Kerrothan, mik\u00e4li toivotte yhteydenottoa tiettyyn ajankohtaan. L\u00e4het\u00e4 meille viesti! UKK Usein Kysytyt Kysymykset Millaisiin ty\u00f6teht\u00e4viin voin tilata hoitajan tai [&hellip;]<\/p>\n","protected":false},"author":1,"featured_media":0,"parent":0,"menu_order":0,"comment_status":"closed","ping_status":"closed","template":"","meta":{"footnotes":""},"class_list":["post-182","page","type-page","status-publish","hentry"],"_links":{"self":[{"href":"https:\/\/www.tilaatyontekija.fi\/index.php\/wp-json\/wp\/v2\/pages\/182","targetHints":{"allow":["GET"]}}],"collection":[{"href":"https:\/\/www.tilaatyontekija.fi\/index.php\/wp-json\/wp\/v2\/pages"}],"about":[{"href":"https:\/\/www.tilaatyontekija.fi\/index.php\/wp-json\/wp\/v2\/types\/page"}],"author":[{"embeddable":true,"href":"https:\/\/www.tilaatyontekija.fi\/index.php\/wp-json\/wp\/v2\/users\/1"}],"replies":[{"embeddable":true,"href":"https:\/\/www.tilaatyontekija.fi\/index.php\/wp-json\/wp\/v2\/comments?post=182"}],"version-history":[{"count":10,"href":"https:\/\/www.tilaatyontekija.fi\/index.php\/wp-json\/wp\/v2\/pages\/182\/revisions"}],"predecessor-version":[{"id":337,"href":"https:\/\/www.tilaatyontekija.fi\/index.php\/wp-json\/wp\/v2\/pages\/182\/revisions\/337"}],"wp:attachment":[{"href":"https:\/\/www.tilaatyontekija.fi\/index.php\/wp-json\/wp\/v2\/media?parent=182"}],"curies":[{"name":"wp","href":"https:\/\/api.w.org\/{rel}","templated":true}]}}