{"id":153,"date":"2023-10-26T18:54:15","date_gmt":"2023-10-26T18:54:15","guid":{"rendered":"http:\/\/www.tilaatyontekija.fi\/?page_id=153"},"modified":"2023-11-27T21:41:17","modified_gmt":"2023-11-27T21:41:17","slug":"yrityspalvelut","status":"publish","type":"page","link":"https:\/\/www.tilaatyontekija.fi\/index.php\/yrityspalvelut\/","title":{"rendered":"Yrityspalvelut"},"content":{"rendered":"\t\t<div data-elementor-type=\"wp-page\" data-elementor-id=\"153\" class=\"elementor elementor-153\" data-elementor-post-type=\"page\">\n\t\t\t\t\t\t<section class=\"elementor-section elementor-top-section elementor-element elementor-element-46ab82d elementor-section-boxed elementor-section-height-default elementor-section-height-default\" data-id=\"46ab82d\" data-element_type=\"section\" data-e-type=\"section\" data-settings=\"{&quot;background_background&quot;:&quot;classic&quot;}\">\n\t\t\t\t\t\t\t<div class=\"elementor-background-overlay\"><\/div>\n\t\t\t\t\t\t\t<div class=\"elementor-container elementor-column-gap-default\">\n\t\t\t\t\t<div class=\"elementor-column elementor-col-100 elementor-top-column elementor-element elementor-element-4f4e3023\" data-id=\"4f4e3023\" data-element_type=\"column\" data-e-type=\"column\">\n\t\t\t<div class=\"elementor-widget-wrap elementor-element-populated\">\n\t\t\t\t\t\t<div class=\"elementor-element elementor-element-b988449 elementor-icon-list--layout-inline elementor-align-center elementor-list-item-link-full_width elementor-widget elementor-widget-icon-list\" data-id=\"b988449\" data-element_type=\"widget\" data-e-type=\"widget\" data-settings=\"{&quot;_animation&quot;:&quot;none&quot;}\" data-widget_type=\"icon-list.default\">\n\t\t\t\t<div class=\"elementor-widget-container\">\n\t\t\t\t\t\t\t<ul class=\"elementor-icon-list-items elementor-inline-items\">\n\t\t\t\t\t\t\t<li class=\"elementor-icon-list-item elementor-inline-item\">\n\t\t\t\t\t\t\t\t\t\t\t<a href=\"#\">\n\n\t\t\t\t\t\t\t\t\t\t\t<span class=\"elementor-icon-list-text\">koti<\/span>\n\t\t\t\t\t\t\t\t\t\t\t<\/a>\n\t\t\t\t\t\t\t\t\t<\/li>\n\t\t\t\t\t\t\t\t<li class=\"elementor-icon-list-item elementor-inline-item\">\n\t\t\t\t\t\t\t\t\t\t\t<span class=\"elementor-icon-list-icon\">\n\t\t\t\t\t\t\t<i aria-hidden=\"true\" class=\"fas fa-chevron-right\"><\/i>\t\t\t\t\t\t<\/span>\n\t\t\t\t\t\t\t\t\t\t<span class=\"elementor-icon-list-text\">Yrityspalvelut<\/span>\n\t\t\t\t\t\t\t\t\t<\/li>\n\t\t\t\t\t\t<\/ul>\n\t\t\t\t\t\t<\/div>\n\t\t\t\t<\/div>\n\t\t\t\t<div class=\"elementor-element elementor-element-40c9d463 elementor-widget elementor-widget-heading\" data-id=\"40c9d463\" data-element_type=\"widget\" data-e-type=\"widget\" data-settings=\"{&quot;_animation&quot;:&quot;none&quot;}\" data-widget_type=\"heading.default\">\n\t\t\t\t<div class=\"elementor-widget-container\">\n\t\t\t\t\t<h2 class=\"elementor-heading-title elementor-size-default\">Yrityspalvelut<\/h2>\t\t\t\t<\/div>\n\t\t\t\t<\/div>\n\t\t\t\t\t<\/div>\n\t\t<\/div>\n\t\t\t\t\t<\/div>\n\t\t<\/section>\n\t\t\t\t<section class=\"elementor-section elementor-top-section elementor-element elementor-element-503df251 elementor-section-boxed elementor-section-height-default elementor-section-height-default\" data-id=\"503df251\" data-element_type=\"section\" data-e-type=\"section\">\n\t\t\t\t\t\t<div class=\"elementor-container elementor-column-gap-default\">\n\t\t\t\t\t<div class=\"elementor-column elementor-col-50 elementor-top-column elementor-element elementor-element-149216ea\" data-id=\"149216ea\" data-element_type=\"column\" data-e-type=\"column\">\n\t\t\t<div class=\"elementor-widget-wrap elementor-element-populated\">\n\t\t\t\t\t\t<div class=\"elementor-element elementor-element-522f3664 elementor-widget elementor-widget-text-editor\" data-id=\"522f3664\" data-element_type=\"widget\" data-e-type=\"widget\" data-widget_type=\"text-editor.default\">\n\t\t\t\t<div class=\"elementor-widget-container\">\n\t\t\t\t\t\t\t\t\t<p class=\"\"><strong><em>Vaikka olemmekin uusi toimija markkinoilla, meill\u00e4 on yli 20 vuoden kokemus alalta tarjoten korvaamatonta tietoa asiakkaillemme. Kokemuksemme on karttunut vuosien varrella ja se antaa meille vankan pohjan tarjota laadukkaita palveluita. <\/em><\/strong><\/p><p class=\"\"><strong><em>Todistettu asiantuntemuksemme saa vahvistusta tyytyv\u00e4isten asiakkaiden suosituksista, jotka ovat hy\u00f6tyneet tutkimusty\u00f6mme tuloksista.<\/em><\/strong><\/p><p class=\"\"><strong><em>Proteam ymm\u00e4rt\u00e4\u00e4 markkinoinnin muuttuvan luonteen ja tarjoammekin monipuolisen valikoiman palveluita, jotka voidaan helposti muokata vastaamaan juuri sinun tarpeitasi. Tutustu palvelulistaukseemme ja ota selv\u00e4\u00e4, kuinka voimme auttaa sinua saavuttamaan liiketoimintasi tavoitteet ammattitaitomme avulla. <\/em><\/strong><\/p><p class=\"\"><strong><em>Tarjoamiamme palveluja ovat <\/em><\/strong><\/p><p class=\"\"><strong><em>Apteekkitutkimukset<\/em><\/strong><\/p><p class=\"\"><strong><em>Tutkimukset l\u00e4\u00e4keyrityksille<\/em><\/strong><\/p><p class=\"\"><strong><em>Crunch The Numbers, kirjanpidon avaus ja myynnin analysointi<\/em><\/strong><\/p><p class=\"\">Olethan meihin yhteydess\u00e4 lomakkeella<\/p><p class=\"\">s\u00e4hk\u00f6postilla <strong>info@tilaatyontekija.fi<\/strong><\/p><p class=\"\">tai puhelimitse <strong>+358 40 8112102<\/strong><\/p><p class=\"\">ja olemme yhteydess\u00e4 mahdollisimman pian!<\/p><p class=\"\">Kerrothan, mik\u00e4li toivotte yhteydenottoa tiettyyn ajankohtaan.<\/p>\t\t\t\t\t\t\t\t<\/div>\n\t\t\t\t<\/div>\n\t\t\t\t\t<\/div>\n\t\t<\/div>\n\t\t\t\t<div class=\"elementor-column elementor-col-50 elementor-top-column elementor-element elementor-element-3177a0cb\" data-id=\"3177a0cb\" data-element_type=\"column\" data-e-type=\"column\" data-settings=\"{&quot;background_background&quot;:&quot;classic&quot;,&quot;animation&quot;:&quot;none&quot;}\">\n\t\t\t<div class=\"elementor-widget-wrap elementor-element-populated\">\n\t\t\t\t\t\t<div class=\"elementor-element elementor-element-4308337a elementor-widget elementor-widget-heading\" data-id=\"4308337a\" data-element_type=\"widget\" data-e-type=\"widget\" data-widget_type=\"heading.default\">\n\t\t\t\t<div class=\"elementor-widget-container\">\n\t\t\t\t\t<h2 class=\"elementor-heading-title elementor-size-default\">L\u00e4het\u00e4 meille viesti!<\/h2>\t\t\t\t<\/div>\n\t\t\t\t<\/div>\n\t\t\t\t<div class=\"elementor-element elementor-element-22f2036b elementor-button-align-stretch elementor-widget elementor-widget-form\" data-id=\"22f2036b\" data-element_type=\"widget\" data-e-type=\"widget\" data-settings=\"{&quot;step_next_label&quot;:&quot;Next&quot;,&quot;step_previous_label&quot;:&quot;Previous&quot;,&quot;button_width&quot;:&quot;100&quot;,&quot;step_type&quot;:&quot;number_text&quot;,&quot;step_icon_shape&quot;:&quot;circle&quot;}\" data-widget_type=\"form.default\">\n\t\t\t\t<div class=\"elementor-widget-container\">\n\t\t\t\t\t\t\t<form class=\"elementor-form\" method=\"post\" name=\"New Form\">\n\t\t\t<input type=\"hidden\" name=\"post_id\" value=\"153\"\/>\n\t\t\t<input type=\"hidden\" name=\"form_id\" value=\"22f2036b\"\/>\n\t\t\t<input type=\"hidden\" name=\"referer_title\" value=\"\" \/>\n\n\t\t\t\n\t\t\t<div class=\"elementor-form-fields-wrapper elementor-labels-above\">\n\t\t\t\t\t\t\t\t<div class=\"elementor-field-type-text elementor-field-group elementor-column elementor-field-group-field_c077194 elementor-col-50\">\n\t\t\t\t\t\t\t\t\t\t\t\t<label for=\"form-field-field_c077194\" class=\"elementor-field-label\">\n\t\t\t\t\t\t\t\tEtunimi\t\t\t\t\t\t\t<\/label>\n\t\t\t\t\t\t\t\t\t\t\t\t\t\t<input size=\"1\" type=\"text\" name=\"form_fields[field_c077194]\" id=\"form-field-field_c077194\" class=\"elementor-field elementor-size-md  elementor-field-textual\" placeholder=\"Etunimi\">\n\t\t\t\t\t\t\t\t\t\t\t<\/div>\n\t\t\t\t\t\t\t\t<div class=\"elementor-field-type-text elementor-field-group elementor-column elementor-field-group-field_2262c7a elementor-col-50\">\n\t\t\t\t\t\t\t\t\t\t\t\t<label for=\"form-field-field_2262c7a\" class=\"elementor-field-label\">\n\t\t\t\t\t\t\t\tSukunimi\t\t\t\t\t\t\t<\/label>\n\t\t\t\t\t\t\t\t\t\t\t\t\t\t<input size=\"1\" type=\"text\" name=\"form_fields[field_2262c7a]\" id=\"form-field-field_2262c7a\" class=\"elementor-field elementor-size-md  elementor-field-textual\" placeholder=\"Sukunimi\">\n\t\t\t\t\t\t\t\t\t\t\t<\/div>\n\t\t\t\t\t\t\t\t<div class=\"elementor-field-type-tel elementor-field-group elementor-column elementor-field-group-name elementor-col-50\">\n\t\t\t\t\t\t\t\t\t\t\t\t<label for=\"form-field-name\" class=\"elementor-field-label\">\n\t\t\t\t\t\t\t\tPuhelinnumero\t\t\t\t\t\t\t<\/label>\n\t\t\t\t\t\t\t\t<input size=\"1\" type=\"tel\" name=\"form_fields[name]\" id=\"form-field-name\" class=\"elementor-field elementor-size-md  elementor-field-textual\" placeholder=\"Puhelinnumero\" pattern=\"[0-9()#&amp;+*-=.]+\" title=\"Only numbers and phone characters (#, -, *, etc) are accepted.\">\n\n\t\t\t\t\t\t<\/div>\n\t\t\t\t\t\t\t\t<div class=\"elementor-field-type-email elementor-field-group elementor-column elementor-field-group-email elementor-col-50 elementor-field-required\">\n\t\t\t\t\t\t\t\t\t\t\t\t<label for=\"form-field-email\" class=\"elementor-field-label\">\n\t\t\t\t\t\t\t\tS\u00e4hk\u00f6posti\t\t\t\t\t\t\t<\/label>\n\t\t\t\t\t\t\t\t\t\t\t\t\t\t<input size=\"1\" type=\"email\" name=\"form_fields[email]\" id=\"form-field-email\" class=\"elementor-field elementor-size-md  elementor-field-textual\" placeholder=\"S\u00e4hk\u00f6posti\" required=\"required\" aria-required=\"true\">\n\t\t\t\t\t\t\t\t\t\t\t<\/div>\n\t\t\t\t\t\t\t\t<div class=\"elementor-field-type-checkbox elementor-field-group elementor-column elementor-field-group-field_6eaac64 elementor-col-100\">\n\t\t\t\t\t\t\t\t\t\t\t\t<label for=\"form-field-field_6eaac64\" class=\"elementor-field-label\">\n\t\t\t\t\t\t\t\tMiten otamme sinuun yhteytt\u00e4?\t\t\t\t\t\t\t<\/label>\n\t\t\t\t\t\t<div class=\"elementor-field-subgroup  elementor-subgroup-inline\"><span class=\"elementor-field-option\"><input type=\"checkbox\" value=\"Puhelimitse\" id=\"form-field-field_6eaac64-0\" name=\"form_fields[field_6eaac64][]\"> <label for=\"form-field-field_6eaac64-0\">Puhelimitse<\/label><\/span><span class=\"elementor-field-option\"><input type=\"checkbox\" value=\"S\u00e4hk\u00f6postitse\" id=\"form-field-field_6eaac64-1\" name=\"form_fields[field_6eaac64][]\"> <label for=\"form-field-field_6eaac64-1\">S\u00e4hk\u00f6postitse<\/label><\/span><\/div>\t\t\t\t<\/div>\n\t\t\t\t\t\t\t\t<div class=\"elementor-field-type-textarea elementor-field-group elementor-column elementor-field-group-message elementor-col-100\">\n\t\t\t\t\t\t\t\t\t\t\t\t<label for=\"form-field-message\" class=\"elementor-field-label\">\n\t\t\t\t\t\t\t\tViesti\t\t\t\t\t\t\t<\/label>\n\t\t\t\t\t\t<textarea class=\"elementor-field-textual elementor-field  elementor-size-md\" name=\"form_fields[message]\" id=\"form-field-message\" rows=\"4\" placeholder=\"Viesti\"><\/textarea>\t\t\t\t<\/div>\n\t\t\t\t\t\t\t\t<div class=\"elementor-field-group elementor-column elementor-field-type-submit elementor-col-100 e-form__buttons\">\n\t\t\t\t\t<button type=\"submit\" class=\"elementor-button elementor-size-md\">\n\t\t\t\t\t\t<span >\n\t\t\t\t\t\t\t\t\t\t\t\t\t\t\t<span class=\"elementor-align-icon-left elementor-button-icon\">\n\t\t\t\t\t\t\t\t\t<i aria-hidden=\"true\" class=\"fab fa-telegram-plane\"><\/i>\t\t\t\t\t\t\t\t\t\t\t\t\t\t\t\t\t<\/span>\n\t\t\t\t\t\t\t\t\t\t\t\t\t\t\t\t\t\t\t\t\t\t<span class=\"elementor-button-text\">L\u00e4het\u00e4<\/span>\n\t\t\t\t\t\t\t\t\t\t\t\t\t<\/span>\n\t\t\t\t\t<\/button>\n\t\t\t\t<\/div>\n\t\t\t<\/div>\n\t\t<\/form>\n\t\t\t\t\t\t<\/div>\n\t\t\t\t<\/div>\n\t\t\t\t\t<\/div>\n\t\t<\/div>\n\t\t\t\t\t<\/div>\n\t\t<\/section>\n\t\t\t\t<section class=\"elementor-section elementor-top-section elementor-element elementor-element-52782cfe elementor-section-boxed elementor-section-height-default elementor-section-height-default\" data-id=\"52782cfe\" data-element_type=\"section\" data-e-type=\"section\">\n\t\t\t\t\t\t<div class=\"elementor-container elementor-column-gap-default\">\n\t\t\t\t\t<div class=\"elementor-column elementor-col-50 elementor-top-column elementor-element elementor-element-79e1d040\" data-id=\"79e1d040\" data-element_type=\"column\" data-e-type=\"column\" data-settings=\"{&quot;animation&quot;:&quot;none&quot;}\">\n\t\t\t<div class=\"elementor-widget-wrap elementor-element-populated\">\n\t\t\t\t\t\t<div class=\"elementor-element elementor-element-a62a0dc elementor-widget elementor-widget-heading\" data-id=\"a62a0dc\" data-element_type=\"widget\" data-e-type=\"widget\" data-widget_type=\"heading.default\">\n\t\t\t\t<div class=\"elementor-widget-container\">\n\t\t\t\t\t<h2 class=\"elementor-heading-title elementor-size-default\">UKK<\/h2>\t\t\t\t<\/div>\n\t\t\t\t<\/div>\n\t\t\t\t<div class=\"elementor-element elementor-element-3e6a97fb elementor-widget elementor-widget-heading\" data-id=\"3e6a97fb\" data-element_type=\"widget\" data-e-type=\"widget\" data-widget_type=\"heading.default\">\n\t\t\t\t<div class=\"elementor-widget-container\">\n\t\t\t\t\t<h2 class=\"elementor-heading-title elementor-size-default\">Usein Kysytyt Kysymykset<\/h2>\t\t\t\t<\/div>\n\t\t\t\t<\/div>\n\t\t\t\t\t<\/div>\n\t\t<\/div>\n\t\t\t\t<div class=\"elementor-column elementor-col-50 elementor-top-column elementor-element elementor-element-34fbcbe4\" data-id=\"34fbcbe4\" data-element_type=\"column\" data-e-type=\"column\" data-settings=\"{&quot;animation&quot;:&quot;none&quot;}\">\n\t\t\t<div class=\"elementor-widget-wrap elementor-element-populated\">\n\t\t\t\t\t\t<div class=\"elementor-element elementor-element-28e33126 elementor-widget elementor-widget-elementskit-accordion\" data-id=\"28e33126\" data-element_type=\"widget\" data-e-type=\"widget\" data-widget_type=\"elementskit-accordion.default\">\n\t\t\t\t<div class=\"elementor-widget-container\">\n\t\t\t\t\t<div class=\"ekit-wid-con\" >\n        <div class=\"elementskit-accordion accoedion-primary\" id=\"accordion-6a087c3e3e57a\">\n\n            \n                <div class=\"elementskit-card active\">\n                    <div class=\"elementskit-card-header\" id=\"primaryHeading-0-28e33126\">\n                        <a href=\"#collapse-6f491396a087c3e3e57a\" class=\"ekit-accordion--toggler elementskit-btn-link collapsed\" data-ekit-toggle=\"collapse\" data-target=\"#Collapse-6f491396a087c3e3e57a\" aria-expanded=\"true\" aria-controls=\"Collapse-6f491396a087c3e3e57a\">\n                            \n                            <span class=\"ekit-accordion-title\">Mik\u00e4 tekee Proteamin apteekkitutkimuksista erityisi\u00e4?<\/span>\n\n                            \n                                <div class=\"ekit_accordion_icon_group\">\n                                    <div class=\"ekit_accordion_normal_icon\">\n                                        <!-- Normal Icon -->\n\t\t\t\t\t\t\t\t\t\t<i class=\"mdi mdi-plus\"><\/i>                                    <\/div>\n\n                                    <div class=\"ekit_accordion_active_icon\">\n                                        <!-- Active Icon -->\n\t\t\t\t\t\t\t\t\t\t<i class=\"mdi mdi-window-close\"><\/i>                                    <\/div>\n                                <\/div>\n\n                            \n                                                    <\/a>\n                    <\/div>\n\n                    <div id=\"Collapse-6f491396a087c3e3e57a\" class=\" show collapse\" aria-labelledby=\"primaryHeading-0-28e33126\" data-parent=\"#accordion-6a087c3e3e57a\">\n\n                        <div class=\"elementskit-card-body ekit-accordion--content\">\n                            <p>Vastaus: Proteamin apteekkitutkimukset perustuvat yli 20 vuoden kokemukseen alalta, tarjoten korkealaatuista ja kattavaa tietoa apteekeille. Asiakkaamme hy\u00f6tyv\u00e4t pitk\u00e4aikaisesta asiantuntemuksestamme ja tyytyv\u00e4iset asiakkaat ovat antaneet vahvistusta ty\u00f6mme laadulle.<\/p>                        <\/div>\n\n                    <\/div>\n\n                <\/div><!-- .elementskit-card END -->\n\n                \n                <div class=\"elementskit-card \">\n                    <div class=\"elementskit-card-header\" id=\"primaryHeading-1-28e33126\">\n                        <a href=\"#collapse-042b3786a087c3e3e57a\" class=\"ekit-accordion--toggler elementskit-btn-link collapsed\" data-ekit-toggle=\"collapse\" data-target=\"#Collapse-042b3786a087c3e3e57a\" aria-expanded=\"false\" aria-controls=\"Collapse-042b3786a087c3e3e57a\">\n                            \n                            <span class=\"ekit-accordion-title\">Miten Proteam auttaa l\u00e4\u00e4keyrityksi\u00e4 tutkimuksissaan?<\/span>\n\n                            \n                                <div class=\"ekit_accordion_icon_group\">\n                                    <div class=\"ekit_accordion_normal_icon\">\n                                        <!-- Normal Icon -->\n\t\t\t\t\t\t\t\t\t\t<i class=\"mdi mdi-plus\"><\/i>                                    <\/div>\n\n                                    <div class=\"ekit_accordion_active_icon\">\n                                        <!-- Active Icon -->\n\t\t\t\t\t\t\t\t\t\t<i class=\"mdi mdi-window-close\"><\/i>                                    <\/div>\n                                <\/div>\n\n                            \n                                                    <\/a>\n                    <\/div>\n\n                    <div id=\"Collapse-042b3786a087c3e3e57a\" class=\" collapse\" aria-labelledby=\"primaryHeading-1-28e33126\" data-parent=\"#accordion-6a087c3e3e57a\">\n\n                        <div class=\"elementskit-card-body ekit-accordion--content\">\n                            <p>Vastaus: Proteam tarjoaa erityisi\u00e4 tutkimuspalveluita l\u00e4\u00e4keyrityksille, hy\u00f6dynt\u00e4en vuosien kokemusta ja asiantuntemusta alalta. T\u00e4m\u00e4 mahdollistaa tarkan datan analysoinnin ja arvioinnin, auttaen l\u00e4\u00e4keyrityksi\u00e4 tekem\u00e4\u00e4n perusteltuja p\u00e4\u00e4t\u00f6ksi\u00e4.<\/p>                        <\/div>\n\n                    <\/div>\n\n                <\/div><!-- .elementskit-card END -->\n\n                \n                <div class=\"elementskit-card \">\n                    <div class=\"elementskit-card-header\" id=\"primaryHeading-2-28e33126\">\n                        <a href=\"#collapse-fcc8da46a087c3e3e57a\" class=\"ekit-accordion--toggler elementskit-btn-link collapsed\" data-ekit-toggle=\"collapse\" data-target=\"#Collapse-fcc8da46a087c3e3e57a\" aria-expanded=\"false\" aria-controls=\"Collapse-fcc8da46a087c3e3e57a\">\n                            \n                            <span class=\"ekit-accordion-title\">Mit\u00e4 &quot;Crunch The Numbers&quot; -palvelu pit\u00e4\u00e4 sis\u00e4ll\u00e4\u00e4n ja miksi se on hy\u00f6dyllinen yrityksilleni?<\/span>\n\n                            \n                                <div class=\"ekit_accordion_icon_group\">\n                                    <div class=\"ekit_accordion_normal_icon\">\n                                        <!-- Normal Icon -->\n\t\t\t\t\t\t\t\t\t\t<i class=\"mdi mdi-plus\"><\/i>                                    <\/div>\n\n                                    <div class=\"ekit_accordion_active_icon\">\n                                        <!-- Active Icon -->\n\t\t\t\t\t\t\t\t\t\t<i class=\"mdi mdi-window-close\"><\/i>                                    <\/div>\n                                <\/div>\n\n                            \n                                                    <\/a>\n                    <\/div>\n\n                    <div id=\"Collapse-fcc8da46a087c3e3e57a\" class=\" collapse\" aria-labelledby=\"primaryHeading-2-28e33126\" data-parent=\"#accordion-6a087c3e3e57a\">\n\n                        <div class=\"elementskit-card-body ekit-accordion--content\">\n                            <p>Vastaus: \"Crunch The Numbers\" on palvelumme, joka keskittyy kirjanpidon avaamiseen ja myynnin analysointiin. T\u00e4m\u00e4 palvelu tarjoaa yrityksille syv\u00e4llist\u00e4 tietoa niiden taloudellisesta tilanteesta, auttaen p\u00e4\u00e4t\u00f6ksenteossa ja strategian suunnittelussa.<\/p>                        <\/div>\n\n                    <\/div>\n\n                <\/div><!-- .elementskit-card END -->\n\n                \n                <div class=\"elementskit-card \">\n                    <div class=\"elementskit-card-header\" id=\"primaryHeading-3-28e33126\">\n                        <a href=\"#collapse-247bb1b6a087c3e3e57a\" class=\"ekit-accordion--toggler elementskit-btn-link collapsed\" data-ekit-toggle=\"collapse\" data-target=\"#Collapse-247bb1b6a087c3e3e57a\" aria-expanded=\"false\" aria-controls=\"Collapse-247bb1b6a087c3e3e57a\">\n                            \n                            <span class=\"ekit-accordion-title\">Kuinka Proteam varmistaa, ett\u00e4 sen tarjoamat palvelut vastaavat juuri minun yritykseni tarpeita?<\/span>\n\n                            \n                                <div class=\"ekit_accordion_icon_group\">\n                                    <div class=\"ekit_accordion_normal_icon\">\n                                        <!-- Normal Icon -->\n\t\t\t\t\t\t\t\t\t\t<i class=\"mdi mdi-plus\"><\/i>                                    <\/div>\n\n                                    <div class=\"ekit_accordion_active_icon\">\n                                        <!-- Active Icon -->\n\t\t\t\t\t\t\t\t\t\t<i class=\"mdi mdi-window-close\"><\/i>                                    <\/div>\n                                <\/div>\n\n                            \n                                                    <\/a>\n                    <\/div>\n\n                    <div id=\"Collapse-247bb1b6a087c3e3e57a\" class=\" collapse\" aria-labelledby=\"primaryHeading-3-28e33126\" data-parent=\"#accordion-6a087c3e3e57a\">\n\n                        <div class=\"elementskit-card-body ekit-accordion--content\">\n                            <p>Vastaus: Proteam ymm\u00e4rt\u00e4\u00e4 markkinoinnin muuttuvan luonteen ja tarjoaa siksi monipuolisen valikoiman palveluita. Olemme joustavia ja voimme muokata palveluitamme vastaamaan juuri sinun tarpeitasi. Keskustelemme kanssasi avoimesti ja ymm\u00e4rr\u00e4mme yrityksesi tarpeet, jotta voimme tarjota r\u00e4\u00e4t\u00e4l\u00f6ityj\u00e4 ratkaisuja.<\/p>                        <\/div>\n\n                    <\/div>\n\n                <\/div><!-- .elementskit-card END -->\n\n                                        <\/div>\n    <\/div>\t\t\t\t<\/div>\n\t\t\t\t<\/div>\n\t\t\t\t\t<\/div>\n\t\t<\/div>\n\t\t\t\t\t<\/div>\n\t\t<\/section>\n\t\t\t\t<\/div>\n\t\t","protected":false},"excerpt":{"rendered":"<p>koti Yrityspalvelut Yrityspalvelut Vaikka olemmekin uusi toimija markkinoilla, meill\u00e4 on yli 20 vuoden kokemus alalta tarjoten korvaamatonta tietoa asiakkaillemme. Kokemuksemme on karttunut vuosien varrella ja se antaa meille vankan pohjan tarjota laadukkaita palveluita. Todistettu asiantuntemuksemme saa vahvistusta tyytyv\u00e4isten asiakkaiden suosituksista, jotka ovat hy\u00f6tyneet tutkimusty\u00f6mme tuloksista. Proteam ymm\u00e4rt\u00e4\u00e4 markkinoinnin muuttuvan luonteen ja tarjoammekin monipuolisen valikoiman palveluita, [&hellip;]<\/p>\n","protected":false},"author":1,"featured_media":0,"parent":0,"menu_order":0,"comment_status":"closed","ping_status":"closed","template":"","meta":{"footnotes":""},"class_list":["post-153","page","type-page","status-publish","hentry"],"_links":{"self":[{"href":"https:\/\/www.tilaatyontekija.fi\/index.php\/wp-json\/wp\/v2\/pages\/153","targetHints":{"allow":["GET"]}}],"collection":[{"href":"https:\/\/www.tilaatyontekija.fi\/index.php\/wp-json\/wp\/v2\/pages"}],"about":[{"href":"https:\/\/www.tilaatyontekija.fi\/index.php\/wp-json\/wp\/v2\/types\/page"}],"author":[{"embeddable":true,"href":"https:\/\/www.tilaatyontekija.fi\/index.php\/wp-json\/wp\/v2\/users\/1"}],"replies":[{"embeddable":true,"href":"https:\/\/www.tilaatyontekija.fi\/index.php\/wp-json\/wp\/v2\/comments?post=153"}],"version-history":[{"count":19,"href":"https:\/\/www.tilaatyontekija.fi\/index.php\/wp-json\/wp\/v2\/pages\/153\/revisions"}],"predecessor-version":[{"id":334,"href":"https:\/\/www.tilaatyontekija.fi\/index.php\/wp-json\/wp\/v2\/pages\/153\/revisions\/334"}],"wp:attachment":[{"href":"https:\/\/www.tilaatyontekija.fi\/index.php\/wp-json\/wp\/v2\/media?parent=153"}],"curies":[{"name":"wp","href":"https:\/\/api.w.org\/{rel}","templated":true}]}}